{"id":1212,"date":"2019-10-02T19:45:37","date_gmt":"2019-10-02T19:45:37","guid":{"rendered":"https:\/\/www.brunopita.com\/contact\/"},"modified":"2019-10-02T19:45:39","modified_gmt":"2019-10-02T19:45:39","slug":"contact-2","status":"publish","type":"page","link":"https:\/\/www.brunopita.com\/en\/contact-2\/","title":{"rendered":"Contact"},"content":{"rendered":"[et_pb_section fb_built=&#8221;1&#8243; admin_label=&#8221;Footer&#8221; _builder_version=&#8221;3.29.3&#8243; background_image=&#8221;https:\/\/www.brunopita.com\/wp-content\/uploads\/2019\/09\/IMG_20181125_180430_HDR.jpg&#8221; custom_padding=&#8221;30px||50px|||&#8221; saved_tabs=&#8221;all&#8221; fb_built=&#8221;1&#8243; _i=&#8221;0&#8243; _address=&#8221;0&#8243;][et_pb_row column_structure=&#8221;1_3,2_3&#8243; use_custom_gutter=&#8221;on&#8221; gutter_width=&#8221;2&#8243; make_equal=&#8221;on&#8221; _builder_version=&#8221;3.29.3&#8243; background_color=&#8221;rgba(0,0,0,0)&#8221; background_size=&#8221;initial&#8221; background_position=&#8221;top_left&#8221; background_repeat=&#8221;repeat&#8221; width_phone=&#8221;92%&#8221; width_last_edited=&#8221;on|phone&#8221; custom_padding=&#8221;0px||||false|false&#8221; hover_enabled=&#8221;0&#8243; _i=&#8221;0&#8243; _address=&#8221;0.0&#8243;][et_pb_column type=&#8221;1_3&#8243; _builder_version=&#8221;3.29.3&#8243; background_color=&#8221;rgba(255,255,255,0.79)&#8221; background_position=&#8221;top_left&#8221; custom_padding=&#8221;50px|40px|50px|40px&#8221; custom_padding_phone=&#8221;35px||0px||false|false&#8221; custom_padding_last_edited=&#8221;on|phone&#8221; border_radii=&#8221;on|3px|3px|3px|3px&#8221; padding_bottom=&#8221;50px&#8221; padding_left=&#8221;40px&#8221; padding_right=&#8221;40px&#8221; padding_top=&#8221;50px&#8221; _i=&#8221;0&#8243; _address=&#8221;0.0.0&#8243; custom_padding__hover=&#8221;|||&#8221;][et_pb_text admin_label=&#8221;Contact US Title&#8221; _builder_version=&#8221;3.29.3&#8243; text_font_size=&#8221;16px&#8221; header_font=&#8221;Montserrat||||&#8221; header_text_color=&#8221;#2ec971&#8243; header_font_size=&#8221;22px&#8221; custom_padding=&#8221;0px|0px|0px|0px&#8221; animation_style=&#8221;fold&#8221; animation_direction=&#8221;bottom&#8221; animation_intensity_fold=&#8221;20%&#8221; header_text_color_phone=&#8221;#74c989&#8243; header_text_color_last_edited=&#8221;on|phone&#8221; _i=&#8221;0&#8243; _address=&#8221;0.0.0.0&#8243;]<h1>Contact<\/h1>[\/et_pb_text][et_pb_blurb use_icon=&#8221;on&#8221; font_icon=&#8221;%%104%%&#8221; icon_color=&#8221;#2ec971&#8243; icon_placement=&#8221;left&#8221; use_icon_font_size=&#8221;on&#8221; icon_font_size=&#8221;28px&#8221; icon_color_phone=&#8221;#74c989&#8243; icon_color_last_edited=&#8221;on|phone&#8221; icon_font_size_last_edited=&#8221;off|desktop&#8221; _builder_version=&#8221;3.29.3&#8243; body_font_size=&#8221;16px&#8221; custom_margin_phone=&#8221;|-15px||-15px|false|false&#8221; custom_margin_last_edited=&#8221;on|phone&#8221; custom_padding=&#8221;20px||25px||false|false&#8221; custom_padding_phone=&#8221;15px||15px||false|false&#8221; custom_padding_last_edited=&#8221;on|phone&#8221; animation_style=&#8221;fold&#8221; animation_direction=&#8221;bottom&#8221; animation_intensity_fold=&#8221;20%&#8221; link_option_url=&#8221;tel:+34669548814&#8243; _i=&#8221;1&#8243; _address=&#8221;0.0.0.1&#8243;]<p>+34 669 54 88 14<\/p>[\/et_pb_blurb][et_pb_blurb use_icon=&#8221;on&#8221; font_icon=&#8221;%%238%%&#8221; icon_color=&#8221;#2ec971&#8243; icon_placement=&#8221;left&#8221; use_icon_font_size=&#8221;on&#8221; icon_font_size=&#8221;28px&#8221; icon_color_phone=&#8221;#74c989&#8243; icon_color_last_edited=&#8221;on|phone&#8221; icon_font_size_last_edited=&#8221;off|desktop&#8221; admin_label=&#8221;Email&#8221; _builder_version=&#8221;3.29.3&#8243; body_font_size=&#8221;16px&#8221; custom_margin=&#8221;||||false|false&#8221; custom_margin_phone=&#8221;|-15px||-15px|false|false&#8221; custom_margin_last_edited=&#8221;on|phone&#8221; custom_padding=&#8221;5px||25px||false|false&#8221; custom_padding_phone=&#8221;0px||15px||false|false&#8221; custom_padding_last_edited=&#8221;on|phone&#8221; animation_style=&#8221;fold&#8221; animation_direction=&#8221;bottom&#8221; animation_intensity_fold=&#8221;20%&#8221; link_option_url=&#8221;mailto:bruno.martinez.pita@outlook.com&#8221; _i=&#8221;2&#8243; _address=&#8221;0.0.0.2&#8243;]<p>bruno.martinez.pita@ outlook.com<\/p>[\/et_pb_blurb][et_pb_blurb use_icon=&#8221;on&#8221; font_icon=&#8221;%%249%%&#8221; icon_color=&#8221;#2ec971&#8243; icon_placement=&#8221;left&#8221; use_icon_font_size=&#8221;on&#8221; icon_font_size=&#8221;28px&#8221; icon_color_phone=&#8221;#74c989&#8243; icon_color_last_edited=&#8221;on|phone&#8221; icon_font_size_last_edited=&#8221;off|desktop&#8221; admin_label=&#8221;Address&#8221; _builder_version=&#8221;3.29.3&#8243; body_font_size=&#8221;16px&#8221; custom_margin=&#8221;||||false|false&#8221; custom_margin_phone=&#8221;|-15px||-15px|false|false&#8221; custom_margin_last_edited=&#8221;on|phone&#8221; custom_padding=&#8221;5px||25px||false|false&#8221; custom_padding_phone=&#8221;0px||15px||false|false&#8221; custom_padding_last_edited=&#8221;on|desktop&#8221; animation_style=&#8221;fold&#8221; animation_direction=&#8221;bottom&#8221; animation_intensity_fold=&#8221;20%&#8221; _i=&#8221;3&#8243; _address=&#8221;0.0.0.3&#8243; custom_padding__hover_enabled=&#8221;off|desktop&#8221;]<p>Carrer Sant Vicent M\u00e0rtir 176, pt 17, 46007 Val\u00e8ncia<\/p>[\/et_pb_blurb][et_pb_social_media_follow admin_label=&#8221;Facebook&#8221; _builder_version=&#8221;3.29.3&#8243; text_orientation=&#8221;center&#8221; custom_margin=&#8221;|||&#8221; custom_padding=&#8221;5px||||false|false&#8221; custom_padding_phone=&#8221;0px||||false|false&#8221; custom_padding_last_edited=&#8221;on|phone&#8221; text_orientation_phone=&#8221;center&#8221; text_orientation_last_edited=&#8221;off|desktop&#8221; border_radii=&#8221;on|100%|100%|100%|100%&#8221; link_shape=&#8221;circle&#8221; _i=&#8221;4&#8243; _address=&#8221;0.0.0.4&#8243;][et_pb_social_media_follow_network social_network=&#8221;linkedin&#8221; url=&#8221;https:\/\/es.linkedin.com\/in\/bruno-martinez-pita\/es&#8221; use_icon_font_size=&#8221;on&#8221; icon_font_size=&#8221;20px&#8221; _builder_version=&#8221;3.29.3&#8243; background_color=&#8221;#2ec971&#8243; background_enable_color=&#8221;on&#8221; custom_margin=&#8221;|0px||&#8221; background_color_phone=&#8221;#74c989&#8243; background_last_edited=&#8221;on|phone&#8221; background_enable_color_phone=&#8221;on&#8221; bg_color=&#8221;#007bb6&#8243; link_shape=&#8221;circle&#8221; follow_button=&#8221;off&#8221; url_new_window=&#8221;on&#8221; _i=&#8221;0&#8243; _address=&#8221;0.0.0.4.0&#8243;]linkedin[\/et_pb_social_media_follow_network][\/et_pb_social_media_follow][et_pb_social_media_follow _builder_version=&#8221;3.0.87&#8243; _i=&#8221;5&#8243; _address=&#8221;0.0.0.5&#8243;][\/et_pb_social_media_follow][\/et_pb_column][et_pb_column type=&#8221;2_3&#8243; _builder_version=&#8221;3.29.3&#8243; background_color=&#8221;rgba(255,255,255,0.79)&#8221; background_position=&#8221;top_left&#8221; custom_padding=&#8221;50px|40px|50px|40px&#8221; border_radii=&#8221;on|3px|3px|3px|3px&#8221; padding_bottom=&#8221;50px&#8221; padding_left=&#8221;40px&#8221; padding_right=&#8221;40px&#8221; padding_top=&#8221;50px&#8221; _i=&#8221;1&#8243; _address=&#8221;0.0.1&#8243; custom_padding__hover=&#8221;|||&#8221;][et_pb_text _builder_version=&#8221;3.29.3&#8243; header_font=&#8221;Montserrat||||||||&#8221; header_text_color=&#8221;#2ec971&#8243; header_font_size=&#8221;22px&#8221; header_text_color_phone=&#8221;#74c989&#8243; header_text_color_last_edited=&#8221;on|phone&#8221; _i=&#8221;0&#8243; _address=&#8221;0.0.1.0&#8243;]<h1>Contact form<\/h1>[\/et_pb_text][et_pb_text _builder_version=&#8221;3.29.3&#8243; _i=&#8221;1&#8243; _address=&#8221;0.0.1.1&#8243;]<p>In order to get a faster and more precise response or quote, please indicate:<br> <strong>Interpretation\/Oral translation<\/strong>: Type of event, number of participants, venue and preferred interpreting mode.<br> <strong>Written translation<\/strong>: The details of the project or send a sample of the documents.<\/p>[\/et_pb_text][et_pb_contact_form captcha=&#8221;off&#8221; email=&#8221;bruno.martinez.pita@outlook.com&#8221; success_message=&#8221;QUERY SUCCESSFULLY SENT!&#8221; submit_button_text=&#8221;Send&#8221; module_id=&#8221;et_pb_contact_form_1&#8243; _builder_version=&#8221;3.29.3&#8243; form_field_background_color=&#8221;rgba(255,255,255,0)&#8221; title_font=&#8221;Montserrat||||&#8221; title_font_size=&#8221;22px&#8221; custom_button=&#8221;on&#8221; button_text_size=&#8221;18px&#8221; button_text_color=&#8221;#ffffff&#8221; button_bg_color=&#8221;#2ec971&#8243; button_border_width=&#8221;2px&#8221; button_border_color=&#8221;#2ec971&#8243; button_border_radius=&#8221;0px&#8221; button_letter_spacing=&#8221;2px&#8221; button_font=&#8221;Montserrat|||on|&#8221; button_use_icon=&#8221;off&#8221; custom_margin_phone=&#8221;|-25px||-25px|false|false&#8221; custom_margin_last_edited=&#8221;on|phone&#8221; animation_style=&#8221;fold&#8221; animation_direction=&#8221;bottom&#8221; animation_intensity_fold=&#8221;20%&#8221; hover_enabled=&#8221;0&#8243; button_bg_color_phone=&#8221;#74c989&#8243; button_bg_color_last_edited=&#8221;on|phone&#8221; button_bg_enable_color_phone=&#8221;on&#8221; button_border_color_phone=&#8221;#74c989&#8243; button_border_color_last_edited=&#8221;on|phone&#8221; border_width_all=&#8221;1px&#8221; border_color_all=&#8221;rgba(0,0,0,0.12)&#8221; border_style_all=&#8221;solid&#8221; use_border_color=&#8221;on&#8221; border_color=&#8221;rgba(0,0,0,0.12)&#8221; form_background_color=&#8221;rgba(255,255,255,0)&#8221; button_text_color_hover=&#8221;#6eba01&#8243; button_bg_color_hover=&#8221;rgba(0,0,0,0)&#8221; button_border_color_hover=&#8221;#6eba01&#8243; button_border_radius_hover=&#8221;0px&#8221; button_letter_spacing_hover=&#8221;2px&#8221; _i=&#8221;2&#8243; _address=&#8221;0.0.1.2&#8243; button_bg_enable_color=&#8221;on&#8221;][et_pb_contact_field field_id=&#8221;Nombre_\/_Empresa&#8221; field_title=&#8221;Name \/ Company&#8221; fullwidth_field=&#8221;on&#8221; _builder_version=&#8221;3.29.3&#8243; _i=&#8221;0&#8243; _address=&#8221;0.0.1.2.0&#8243; button_text_size__hover_enabled=&#8221;off&#8221; button_one_text_size__hover_enabled=&#8221;off&#8221; button_two_text_size__hover_enabled=&#8221;off&#8221; button_text_color__hover_enabled=&#8221;off&#8221; button_one_text_color__hover_enabled=&#8221;off&#8221; button_two_text_color__hover_enabled=&#8221;off&#8221; button_border_width__hover_enabled=&#8221;off&#8221; button_one_border_width__hover_enabled=&#8221;off&#8221; button_two_border_width__hover_enabled=&#8221;off&#8221; button_border_color__hover_enabled=&#8221;off&#8221; button_one_border_color__hover_enabled=&#8221;off&#8221; button_two_border_color__hover_enabled=&#8221;off&#8221; button_border_radius__hover_enabled=&#8221;off&#8221; button_one_border_radius__hover_enabled=&#8221;off&#8221; button_two_border_radius__hover_enabled=&#8221;off&#8221; button_letter_spacing__hover_enabled=&#8221;off&#8221; button_one_letter_spacing__hover_enabled=&#8221;off&#8221; button_two_letter_spacing__hover_enabled=&#8221;off&#8221; button_bg_color__hover_enabled=&#8221;off&#8221; button_one_bg_color__hover_enabled=&#8221;off&#8221; button_two_bg_color__hover_enabled=&#8221;off&#8221;][\/et_pb_contact_field][et_pb_contact_field field_id=&#8221;Email&#8221; field_title=&#8221;Email&#8221; field_type=&#8221;email&#8221; _builder_version=&#8221;3.29.3&#8243; _i=&#8221;1&#8243; _address=&#8221;0.0.1.2.1&#8243; button_text_size__hover_enabled=&#8221;off&#8221; button_one_text_size__hover_enabled=&#8221;off&#8221; button_two_text_size__hover_enabled=&#8221;off&#8221; button_text_color__hover_enabled=&#8221;off&#8221; button_one_text_color__hover_enabled=&#8221;off&#8221; button_two_text_color__hover_enabled=&#8221;off&#8221; button_border_width__hover_enabled=&#8221;off&#8221; button_one_border_width__hover_enabled=&#8221;off&#8221; button_two_border_width__hover_enabled=&#8221;off&#8221; button_border_color__hover_enabled=&#8221;off&#8221; button_one_border_color__hover_enabled=&#8221;off&#8221; button_two_border_color__hover_enabled=&#8221;off&#8221; button_border_radius__hover_enabled=&#8221;off&#8221; button_one_border_radius__hover_enabled=&#8221;off&#8221; button_two_border_radius__hover_enabled=&#8221;off&#8221; button_letter_spacing__hover_enabled=&#8221;off&#8221; button_one_letter_spacing__hover_enabled=&#8221;off&#8221; button_two_letter_spacing__hover_enabled=&#8221;off&#8221; button_bg_color__hover_enabled=&#8221;off&#8221; button_one_bg_color__hover_enabled=&#8221;off&#8221; button_two_bg_color__hover_enabled=&#8221;off&#8221;][\/et_pb_contact_field][et_pb_contact_field field_id=&#8221;Tel\u00e9fono&#8221; field_title=&#8221;Phone no.&#8221; required_mark=&#8221;off&#8221; _builder_version=&#8221;3.29.3&#8243; _i=&#8221;2&#8243; _address=&#8221;0.0.1.2.2&#8243;][\/et_pb_contact_field][et_pb_contact_field field_id=&#8221;Asunto&#8221; field_title=&#8221;Subject&#8221; fullwidth_field=&#8221;on&#8221; _builder_version=&#8221;3.29.3&#8243; _i=&#8221;3&#8243; _address=&#8221;0.0.1.2.3&#8243;][\/et_pb_contact_field][et_pb_contact_field field_id=&#8221;Consulta&#8221; field_title=&#8221;Query&#8221; field_type=&#8221;text&#8221; fullwidth_field=&#8221;on&#8221; _builder_version=&#8221;3.29.3&#8243; _i=&#8221;4&#8243; _address=&#8221;0.0.1.2.4&#8243; button_text_size__hover_enabled=&#8221;off&#8221; button_one_text_size__hover_enabled=&#8221;off&#8221; button_two_text_size__hover_enabled=&#8221;off&#8221; button_text_color__hover_enabled=&#8221;off&#8221; button_one_text_color__hover_enabled=&#8221;off&#8221; button_two_text_color__hover_enabled=&#8221;off&#8221; button_border_width__hover_enabled=&#8221;off&#8221; button_one_border_width__hover_enabled=&#8221;off&#8221; button_two_border_width__hover_enabled=&#8221;off&#8221; button_border_color__hover_enabled=&#8221;off&#8221; button_one_border_color__hover_enabled=&#8221;off&#8221; button_two_border_color__hover_enabled=&#8221;off&#8221; button_border_radius__hover_enabled=&#8221;off&#8221; button_one_border_radius__hover_enabled=&#8221;off&#8221; button_two_border_radius__hover_enabled=&#8221;off&#8221; button_letter_spacing__hover_enabled=&#8221;off&#8221; button_one_letter_spacing__hover_enabled=&#8221;off&#8221; button_two_letter_spacing__hover_enabled=&#8221;off&#8221; button_bg_color__hover_enabled=&#8221;off&#8221; button_one_bg_color__hover_enabled=&#8221;off&#8221; button_two_bg_color__hover_enabled=&#8221;off&#8221;][\/et_pb_contact_field][\/et_pb_contact_form][\/et_pb_column][\/et_pb_row][et_pb_row _builder_version=&#8221;3.29.3&#8243; width_phone=&#8221;92%&#8221; width_last_edited=&#8221;on|phone&#8221; custom_padding=&#8221;0px||0px||false|false&#8221; _i=&#8221;1&#8243; _address=&#8221;0.1&#8243;][et_pb_column type=&#8221;4_4&#8243; _builder_version=&#8221;3.29.3&#8243; _i=&#8221;0&#8243; _address=&#8221;0.1.0&#8243;][et_pb_map address=&#8221;Carrer de Sant Vicent M\u00e0rtir, 176, 46007 Val\u00e8ncia, Valencia, Espagne&#8221; zoom_level=&#8221;14&#8243; address_lat=&#8221;39.462932693418&#8243; address_lng=&#8221;-0.38151090898442&#8243; _builder_version=&#8221;3.29.3&#8243; border_radii=&#8221;on|3px|3px|3px|3px&#8221; _i=&#8221;0&#8243; _address=&#8221;0.1.0.0&#8243;][et_pb_map_pin title=&#8221;Bruno Pita&#8221; pin_address=&#8221;Carrer de Sant Vicent M\u00e0rtir, 176, 46007 Val\u00e8ncia, Valencia, Espagne&#8221; pin_address_lat=&#8221;39.461011&#8243; pin_address_lng=&#8221;-0.38288420000003&#8243; _builder_version=&#8221;3.29.3&#8243; hover_enabled=&#8221;0&#8243; _i=&#8221;0&#8243; _address=&#8221;0.1.0.0.0&#8243;]<p>Interpreting and simultaneous translation<\/p>[\/et_pb_map_pin][\/et_pb_map][\/et_pb_column][\/et_pb_row][\/et_pb_section]","protected":false},"excerpt":{"rendered":"<p>Contact+34 669 54 88 14bruno.martinez.pita@ outlook.comCarrer Sant Vicent M\u00e0rtir 176, pt 17, 46007 Val\u00e8nciaContact formIn order to get a faster and more precise response or quote, please indicate: Interpretation\/Oral translation: Type of event, number of participants, venue and preferred interpreting mode. Written translation: The details of the project or send a sample of the documents.Interpreting [&hellip;]<\/p>\n","protected":false},"author":1,"featured_media":0,"parent":0,"menu_order":0,"comment_status":"closed","ping_status":"closed","template":"","meta":{"_et_pb_use_builder":"on","_et_pb_old_content":"<!-- wp:button -->\n<div class=\"wp-block-button\"><a class=\"wp-block-button__link\" href=\"mailto:bruno.martinez.pita@outlook.com\">bruno.martinez.pita@outlook.com<\/a><\/div>\n<!-- \/wp:button -->\n\n<!-- wp:button -->\n<div class=\"wp-block-button\"><a class=\"wp-block-button__link\" href=\"tel:+34669548814\">(+34) 669 54 88 14<\/a><\/div>\n<!-- \/wp:button -->\n\n<!-- wp:button -->\n<div class=\"wp-block-button\"><a class=\"wp-block-button__link\" href=\"https:\/\/goo.gl\/maps\/UTLLQmWK6TR1Vhs58\">Ubicaci\u00f3n<\/a><\/div>\n<!-- \/wp:button -->\n\n<!-- wp:paragraph -->\n<p>Puede llamar por tel\u00e9fono, enviar un email o rellenar este formulario para solicitar un presupuesto, m\u00e1s informaci\u00f3n o asesoramiento sobre un servicio. De cara a obtener una respuesta lo m\u00e1s precisa posible, por favor indique:<br><strong>Interpretaci\u00f3n \/ Traducci\u00f3n simult\u00e1nea<\/strong>: tipo de evento, n\u00famero de participantes, lugar y modalidad preferida.<br><strong>Traducci\u00f3n escrita<\/strong>: si env\u00eda una muestra del texto o proyecto, podremos enviarle un presupuesto m\u00e1s preciso y con m\u00e1s rapidez.<\/p>\n<!-- \/wp:paragraph -->\n\n<!-- wp:wpforms\/form-selector {\"formId\":\"21\",\"displayTitle\":false} \/-->","_et_gb_content_width":"","footnotes":""},"class_list":["post-1212","page","type-page","status-publish","hentry"],"yoast_head":"<!-- This site is optimized with the Yoast SEO plugin v26.8 - https:\/\/yoast.com\/product\/yoast-seo-wordpress\/ -->\n<title>Contact - Bruno Pita<\/title>\n<meta name=\"robots\" content=\"index, follow, max-snippet:-1, max-image-preview:large, max-video-preview:-1\" \/>\n<link rel=\"canonical\" href=\"https:\/\/www.brunopita.com\/en\/contact-2\/\" \/>\n<meta property=\"og:locale\" content=\"en_US\" \/>\n<meta property=\"og:type\" content=\"article\" \/>\n<meta property=\"og:title\" content=\"Contact - Bruno Pita\" \/>\n<meta property=\"og:description\" content=\"Contact+34 669 54 88 14bruno.martinez.pita@ outlook.comCarrer Sant Vicent M\u00e0rtir 176, pt 17, 46007 Val\u00e8nciaContact formIn order to get a faster and more precise response or quote, please indicate: Interpretation\/Oral translation: Type of event, number of participants, venue and preferred interpreting mode. Written translation: The details of the project or send a sample of the documents.Interpreting [&hellip;]\" \/>\n<meta property=\"og:url\" content=\"https:\/\/www.brunopita.com\/en\/contact-2\/\" \/>\n<meta property=\"og:site_name\" content=\"Bruno Pita\" \/>\n<meta property=\"article:modified_time\" content=\"2019-10-02T19:45:39+00:00\" \/>\n<meta name=\"twitter:card\" content=\"summary_large_image\" \/>\n<meta name=\"twitter:label1\" content=\"Est. reading time\" \/>\n\t<meta name=\"twitter:data1\" content=\"8 minutes\" \/>\n<script type=\"application\/ld+json\" class=\"yoast-schema-graph\">{\"@context\":\"https:\/\/schema.org\",\"@graph\":[{\"@type\":\"WebPage\",\"@id\":\"https:\/\/www.brunopita.com\/en\/contact-2\/\",\"url\":\"https:\/\/www.brunopita.com\/en\/contact-2\/\",\"name\":\"Contact - Bruno Pita\",\"isPartOf\":{\"@id\":\"https:\/\/www.brunopita.com\/en\/#website\"},\"datePublished\":\"2019-10-02T19:45:37+00:00\",\"dateModified\":\"2019-10-02T19:45:39+00:00\",\"breadcrumb\":{\"@id\":\"https:\/\/www.brunopita.com\/en\/contact-2\/#breadcrumb\"},\"inLanguage\":\"en-US\",\"potentialAction\":[{\"@type\":\"ReadAction\",\"target\":[\"https:\/\/www.brunopita.com\/en\/contact-2\/\"]}]},{\"@type\":\"BreadcrumbList\",\"@id\":\"https:\/\/www.brunopita.com\/en\/contact-2\/#breadcrumb\",\"itemListElement\":[{\"@type\":\"ListItem\",\"position\":1,\"name\":\"Inicio\",\"item\":\"https:\/\/www.brunopita.com\/en\/\"},{\"@type\":\"ListItem\",\"position\":2,\"name\":\"Contact\"}]},{\"@type\":\"WebSite\",\"@id\":\"https:\/\/www.brunopita.com\/en\/#website\",\"url\":\"https:\/\/www.brunopita.com\/en\/\",\"name\":\"Bruno Pita\",\"description\":\"Traducci\u00f3n simult\u00e1nea en Valencia, Coru\u00f1a, Santiago y online\",\"publisher\":{\"@id\":\"https:\/\/www.brunopita.com\/en\/#organization\"},\"alternateName\":\"Bruno Pita traducci\u00f3n simult\u00e1nea\",\"potentialAction\":[{\"@type\":\"SearchAction\",\"target\":{\"@type\":\"EntryPoint\",\"urlTemplate\":\"https:\/\/www.brunopita.com\/en\/?s={search_term_string}\"},\"query-input\":{\"@type\":\"PropertyValueSpecification\",\"valueRequired\":true,\"valueName\":\"search_term_string\"}}],\"inLanguage\":\"en-US\"},{\"@type\":\"Organization\",\"@id\":\"https:\/\/www.brunopita.com\/en\/#organization\",\"name\":\"Bruno Pita\",\"url\":\"https:\/\/www.brunopita.com\/en\/\",\"logo\":{\"@type\":\"ImageObject\",\"inLanguage\":\"en-US\",\"@id\":\"https:\/\/www.brunopita.com\/en\/#\/schema\/logo\/image\/\",\"url\":\"https:\/\/www.brunopita.com\/wp-content\/uploads\/2024\/06\/Canva-BRUNO-PITA-617-x-213-px-svg-trans.svg\",\"contentUrl\":\"https:\/\/www.brunopita.com\/wp-content\/uploads\/2024\/06\/Canva-BRUNO-PITA-617-x-213-px-svg-trans.svg\",\"width\":1,\"height\":1,\"caption\":\"Bruno Pita\"},\"image\":{\"@id\":\"https:\/\/www.brunopita.com\/en\/#\/schema\/logo\/image\/\"}}]}<\/script>\n<!-- \/ Yoast SEO plugin. -->","yoast_head_json":{"title":"Contact - Bruno Pita","robots":{"index":"index","follow":"follow","max-snippet":"max-snippet:-1","max-image-preview":"max-image-preview:large","max-video-preview":"max-video-preview:-1"},"canonical":"https:\/\/www.brunopita.com\/en\/contact-2\/","og_locale":"en_US","og_type":"article","og_title":"Contact - Bruno Pita","og_description":"Contact+34 669 54 88 14bruno.martinez.pita@ outlook.comCarrer Sant Vicent M\u00e0rtir 176, pt 17, 46007 Val\u00e8nciaContact formIn order to get a faster and more precise response or quote, please indicate: Interpretation\/Oral translation: Type of event, number of participants, venue and preferred interpreting mode. Written translation: The details of the project or send a sample of the documents.Interpreting [&hellip;]","og_url":"https:\/\/www.brunopita.com\/en\/contact-2\/","og_site_name":"Bruno Pita","article_modified_time":"2019-10-02T19:45:39+00:00","twitter_card":"summary_large_image","twitter_misc":{"Est. reading time":"8 minutes"},"schema":{"@context":"https:\/\/schema.org","@graph":[{"@type":"WebPage","@id":"https:\/\/www.brunopita.com\/en\/contact-2\/","url":"https:\/\/www.brunopita.com\/en\/contact-2\/","name":"Contact - Bruno Pita","isPartOf":{"@id":"https:\/\/www.brunopita.com\/en\/#website"},"datePublished":"2019-10-02T19:45:37+00:00","dateModified":"2019-10-02T19:45:39+00:00","breadcrumb":{"@id":"https:\/\/www.brunopita.com\/en\/contact-2\/#breadcrumb"},"inLanguage":"en-US","potentialAction":[{"@type":"ReadAction","target":["https:\/\/www.brunopita.com\/en\/contact-2\/"]}]},{"@type":"BreadcrumbList","@id":"https:\/\/www.brunopita.com\/en\/contact-2\/#breadcrumb","itemListElement":[{"@type":"ListItem","position":1,"name":"Inicio","item":"https:\/\/www.brunopita.com\/en\/"},{"@type":"ListItem","position":2,"name":"Contact"}]},{"@type":"WebSite","@id":"https:\/\/www.brunopita.com\/en\/#website","url":"https:\/\/www.brunopita.com\/en\/","name":"Bruno Pita","description":"Traducci\u00f3n simult\u00e1nea en Valencia, Coru\u00f1a, Santiago y online","publisher":{"@id":"https:\/\/www.brunopita.com\/en\/#organization"},"alternateName":"Bruno Pita traducci\u00f3n simult\u00e1nea","potentialAction":[{"@type":"SearchAction","target":{"@type":"EntryPoint","urlTemplate":"https:\/\/www.brunopita.com\/en\/?s={search_term_string}"},"query-input":{"@type":"PropertyValueSpecification","valueRequired":true,"valueName":"search_term_string"}}],"inLanguage":"en-US"},{"@type":"Organization","@id":"https:\/\/www.brunopita.com\/en\/#organization","name":"Bruno Pita","url":"https:\/\/www.brunopita.com\/en\/","logo":{"@type":"ImageObject","inLanguage":"en-US","@id":"https:\/\/www.brunopita.com\/en\/#\/schema\/logo\/image\/","url":"https:\/\/www.brunopita.com\/wp-content\/uploads\/2024\/06\/Canva-BRUNO-PITA-617-x-213-px-svg-trans.svg","contentUrl":"https:\/\/www.brunopita.com\/wp-content\/uploads\/2024\/06\/Canva-BRUNO-PITA-617-x-213-px-svg-trans.svg","width":1,"height":1,"caption":"Bruno Pita"},"image":{"@id":"https:\/\/www.brunopita.com\/en\/#\/schema\/logo\/image\/"}}]}},"_links":{"self":[{"href":"https:\/\/www.brunopita.com\/en\/wp-json\/wp\/v2\/pages\/1212","targetHints":{"allow":["GET"]}}],"collection":[{"href":"https:\/\/www.brunopita.com\/en\/wp-json\/wp\/v2\/pages"}],"about":[{"href":"https:\/\/www.brunopita.com\/en\/wp-json\/wp\/v2\/types\/page"}],"author":[{"embeddable":true,"href":"https:\/\/www.brunopita.com\/en\/wp-json\/wp\/v2\/users\/1"}],"replies":[{"embeddable":true,"href":"https:\/\/www.brunopita.com\/en\/wp-json\/wp\/v2\/comments?post=1212"}],"version-history":[{"count":0,"href":"https:\/\/www.brunopita.com\/en\/wp-json\/wp\/v2\/pages\/1212\/revisions"}],"wp:attachment":[{"href":"https:\/\/www.brunopita.com\/en\/wp-json\/wp\/v2\/media?parent=1212"}],"curies":[{"name":"wp","href":"https:\/\/api.w.org\/{rel}","templated":true}]}}