{"id":2771,"date":"2024-06-07T12:38:06","date_gmt":"2024-06-07T12:38:06","guid":{"rendered":"https:\/\/www.brunopita.com\/simultaneous-translation-in-a-coruna\/"},"modified":"2025-01-09T12:34:52","modified_gmt":"2025-01-09T12:34:52","slug":"simultaneous-translation-coruna","status":"publish","type":"page","link":"https:\/\/www.brunopita.com\/en\/simultaneous-translation-coruna\/","title":{"rendered":"Simultaneous translation in A Coru\u00f1a and Santiago"},"content":{"rendered":"[et_pb_section fb_built=&#8221;1&#8243; admin_label=&#8221;Blog Hero&#8221; _builder_version=&#8221;4.25.1&#8243; use_background_color_gradient=&#8221;on&#8221; background_color_gradient_type=&#8221;circular&#8221; background_color_gradient_stops=&#8221;#2b87da 62%|#29c4a9 100%&#8221; background_color_gradient_start=&#8221;rgba(114,114,255,0.24)&#8221; background_color_gradient_end=&#8221;#ffffff&#8221; background_image=&#8221;https:\/\/www.brunopita.com\/wp-content\/uploads\/2024\/06\/IMG_20140111_165225_moreDetail_x1_3264x2448_2pass-scaled.webp&#8221; background_blend=&#8221;multiply&#8221; min_height=&#8221;500px&#8221; custom_padding=&#8221;|0px||0px|false|false&#8221; animation_style=&#8221;slide&#8221; animation_direction=&#8221;top&#8221; animation_intensity_slide=&#8221;2%&#8221; locked=&#8221;off&#8221; global_colors_info=&#8221;{}&#8221;][et_pb_row _builder_version=&#8221;4.25.1&#8243; background_size=&#8221;initial&#8221; background_position=&#8221;top_left&#8221; background_repeat=&#8221;repeat&#8221; custom_margin=&#8221;|||&#8221; custom_padding=&#8221;0px||0px||false|false&#8221; custom_width_px=&#8221;1280px&#8221; locked=&#8221;off&#8221; global_colors_info=&#8221;{}&#8221;][et_pb_column type=&#8221;4_4&#8243; _builder_version=&#8221;4.16&#8243; custom_padding=&#8221;|||&#8221; global_colors_info=&#8221;{}&#8221; custom_padding__hover=&#8221;|||&#8221;][et_pb_code admin_label=&#8221;breadcrumb&#8221; _builder_version=&#8221;4.25.1&#8243; _module_preset=&#8221;default&#8221; text_orientation=&#8221;left&#8221; custom_css_free_form=&#8221;selector {||  color: #fff;||}&#8221; global_colors_info=&#8221;{}&#8221;]<span><span><a href=\"https:\/\/www.brunopita.com\/en\/\">Inicio<\/a><\/span><\/span>[\/et_pb_code][\/et_pb_column][\/et_pb_row][et_pb_row _builder_version=&#8221;4.25.1&#8243; background_size=&#8221;initial&#8221; background_position=&#8221;top_left&#8221; background_repeat=&#8221;repeat&#8221; custom_margin=&#8221;|||&#8221; custom_padding=&#8221;80px|0px||0px|false|false&#8221; custom_width_px=&#8221;1280px&#8221; global_colors_info=&#8221;{}&#8221;][et_pb_column type=&#8221;4_4&#8243; _builder_version=&#8221;4.16&#8243; custom_padding=&#8221;|||&#8221; global_colors_info=&#8221;{}&#8221; custom_padding__hover=&#8221;|||&#8221;][et_pb_text _builder_version=&#8221;4.25.1&#8243; text_font=&#8221;||||||||&#8221; text_text_color=&#8221;#FFFFFF&#8221; header_font=&#8221;|700|||||||&#8221; header_text_color=&#8221;#FFFFFF&#8221; header_font_size=&#8221;42px&#8221; header_line_height=&#8221;1.3em&#8221; background_size=&#8221;initial&#8221; background_position=&#8221;top_left&#8221; background_repeat=&#8221;repeat&#8221; text_orientation=&#8221;center&#8221; background_layout=&#8221;dark&#8221; max_width=&#8221;790px&#8221; module_alignment=&#8221;center&#8221; custom_padding=&#8221;0px|||0px|false|false&#8221; header_font_size_tablet=&#8221;&#8221; header_font_size_phone=&#8221;&#8221; header_font_size_last_edited=&#8221;on|desktop&#8221; header_text_shadow_style=&#8221;preset3&#8243; locked=&#8221;off&#8221; global_colors_info=&#8221;{}&#8221;]<h1>Simultaneous translation<\/h1>\r\n<h1>in A Coru\u00f1a and Santiago<\/h1>[\/et_pb_text][et_pb_text content_tablet=&#8221;Simultaneous, consecutive, liaison and escort interpreting services. Management of multilingual interpreting events with technical staff and equipment.&#8221; content_phone=&#8221;Simultaneous, consecutive, liaison and escort interpreting services. Management of multilingual interpreting events with technical staff and equipment.&#8221; content_last_edited=&#8221;on|desktop&#8221; _builder_version=&#8221;4.25.1&#8243; text_text_color=&#8221;#FFFFFF&#8221; text_font_size=&#8221;19px&#8221; text_line_height=&#8221;1.9em&#8221; background_size=&#8221;initial&#8221; background_position=&#8221;top_left&#8221; background_repeat=&#8221;repeat&#8221; text_orientation=&#8221;center&#8221; max_width=&#8221;540px&#8221; module_alignment=&#8221;center&#8221; text_text_shadow_style=&#8221;preset3&#8243; locked=&#8221;off&#8221; global_colors_info=&#8221;{}&#8221;]<p>Simultaneous, consecutive, liaison and escort interpreting.<\/p>\r\n<p>Management of multilingual interpreting events\r\nwith technical staff and equipment.<\/p>[\/et_pb_text][\/et_pb_column][\/et_pb_row][\/et_pb_section][et_pb_section fb_built=&#8221;1&#8243; admin_label=&#8221;Blog Hero&#8221; _builder_version=&#8221;4.25.1&#8243; use_background_color_gradient=&#8221;on&#8221; background_color_gradient_stops=&#8221;rgba(114,114,255,0.24) 0%|#ffffff 100%&#8221; background_color_gradient_start=&#8221;rgba(114,114,255,0.24)&#8221; background_color_gradient_end=&#8221;#ffffff&#8221; background_blend=&#8221;multiply&#8221; custom_padding=&#8221;30px|0px|30px|0px|false|false&#8221; animation_style=&#8221;slide&#8221; animation_direction=&#8221;top&#8221; animation_intensity_slide=&#8221;2%&#8221; locked=&#8221;off&#8221; global_colors_info=&#8221;{}&#8221;][et_pb_row _builder_version=&#8221;4.25.1&#8243; background_size=&#8221;initial&#8221; background_position=&#8221;top_left&#8221; background_repeat=&#8221;repeat&#8221; custom_margin=&#8221;|||&#8221; custom_padding=&#8221;27px|0px|27px|0px&#8221; custom_width_px=&#8221;1280px&#8221; global_colors_info=&#8221;{}&#8221;][et_pb_column type=&#8221;4_4&#8243; _builder_version=&#8221;4.16&#8243; custom_padding=&#8221;|||&#8221; global_colors_info=&#8221;{}&#8221; custom_padding__hover=&#8221;|||&#8221;][et_pb_text _builder_version=&#8221;4.25.1&#8243; text_text_color=&#8221;#0c71c3&#8243; text_font_size=&#8221;18px&#8221; text_line_height=&#8221;1.9em&#8221; background_size=&#8221;initial&#8221; background_position=&#8221;top_left&#8221; background_repeat=&#8221;repeat&#8221; text_orientation=&#8221;center&#8221; max_width=&#8221;1000%&#8221; module_alignment=&#8221;center&#8221; locked=&#8221;off&#8221; global_colors_info=&#8221;{}&#8221;]<p style=\"text-align: left;\">A team of professional interpreters are at your service to ensure the success of your multilingual event in A Coruna, Santiago de Compostela or elsewhere in Galicia.<\/p>\r\n<p style=\"text-align: left;\">We carry out <strong>simultaneous<\/strong> translations in congresses and seminars, <strong>consecutive<\/strong> translations in presentations and press conferences, <strong>liaison<\/strong> translations in negotiations and <strong>escort<\/strong> translations in business trips and in visits to factories and exhibitions.<\/p>\r\n<p style=\"text-align: left;\">If you do not have technical equipment, we can provide interpreting booths, microphones for the speakers, receivers for the public and anything else you need.<\/p>\r\n<p style=\"text-align: left;\">If you require the services of a simultaneous translator of Galician, Spanish, English or other Language, we Will take care of everything that is needed to conduct your meeting with simultaneous translation in A Coruna or Santiago de Compostela onsite, remote or hybrid (onsite and broadcasted live online).<\/p>[\/et_pb_text][\/et_pb_column][\/et_pb_row][\/et_pb_section][et_pb_section fb_built=&#8221;1&#8243; admin_label=&#8221;Footer&#8221; _builder_version=&#8221;4.25.1&#8243; background_color=&#8221;#f7f8fc&#8221; custom_padding=&#8221;0px|0px|100px|0px&#8221; animation_style=&#8221;zoom&#8221; animation_direction=&#8221;bottom&#8221; animation_intensity_zoom=&#8221;6%&#8221; animation_starting_opacity=&#8221;100%&#8221; saved_tabs=&#8221;all&#8221; locked=&#8221;off&#8221; global_colors_info=&#8221;{}&#8221;][et_pb_row column_structure=&#8221;3_4,1_4&#8243; use_custom_gutter=&#8221;on&#8221; gutter_width=&#8221;2&#8243; _builder_version=&#8221;4.25.1&#8243; background_size=&#8221;initial&#8221; background_position=&#8221;top_left&#8221; background_repeat=&#8221;repeat&#8221; custom_margin=&#8221;||||false|false&#8221; custom_padding=&#8221;100px||||false|false&#8221; global_colors_info=&#8221;{}&#8221;][et_pb_column type=&#8221;3_4&#8243; _builder_version=&#8221;4.16&#8243; custom_padding=&#8221;|||&#8221; global_colors_info=&#8221;{}&#8221; custom_padding__hover=&#8221;|||&#8221;][et_pb_text _builder_version=&#8221;4.25.1&#8243; text_font=&#8221;||||||||&#8221; text_text_color=&#8221;rgba(12,113,195,0.95)&#8221; header_font=&#8221;||||||||&#8221; header_text_color=&#8221;#0c71c3&#8243; header_2_font=&#8221;|700|||||||&#8221; header_2_text_color=&#8221;#0c71c3&#8243; header_2_font_size=&#8221;36px&#8221; header_2_line_height=&#8221;1.3em&#8221; background_size=&#8221;initial&#8221; background_position=&#8221;top_left&#8221; background_repeat=&#8221;repeat&#8221; custom_margin=&#8221;||20px|&#8221; animation_style=&#8221;slide&#8221; animation_direction=&#8221;bottom&#8221; animation_intensity_slide=&#8221;10%&#8221; global_colors_info=&#8221;{}&#8221; header_font_size__hover=&#8221;30px&#8221; header_font_size__hover_enabled=&#8221;30px&#8221; header_letter_spacing__hover=&#8221;0px&#8221; header_letter_spacing__hover_enabled=&#8221;0px&#8221; header_text_shadow_style__hover=&#8221;none&#8221; header_text_shadow_style__hover_enabled=&#8221;none&#8221; header_text_shadow_color__hover=&#8221;rgba(0,0,0,0.4)&#8221; header_text_shadow_color__hover_enabled=&#8221;rgba(0,0,0,0.4)&#8221;]<h2>Get in touch<\/h2>[\/et_pb_text][et_pb_text _builder_version=&#8221;4.25.1&#8243; text_text_color=&#8221;#0c71c3&#8243; text_font_size=&#8221;22px&#8221; text_line_height=&#8221;1.9em&#8221; background_size=&#8221;initial&#8221; background_position=&#8221;top_left&#8221; background_repeat=&#8221;repeat&#8221; animation_style=&#8221;fade&#8221; locked=&#8221;off&#8221; global_colors_info=&#8221;{}&#8221;]<p>to request information, advice or a quote.<\/p>[\/et_pb_text][\/et_pb_column][et_pb_column type=&#8221;1_4&#8243; _builder_version=&#8221;4.16&#8243; custom_padding=&#8221;|||&#8221; global_colors_info=&#8221;{}&#8221; custom_padding__hover=&#8221;|||&#8221;][et_pb_button button_url=&#8221;https:\/\/www.brunopita.com\/en\/contact\/&#8221; button_text=&#8221;Contact&#8221; button_alignment=&#8221;left&#8221; _builder_version=&#8221;4.25.1&#8243; custom_button=&#8221;on&#8221; button_text_size=&#8221;16px&#8221; button_text_color=&#8221;#FFFFFF&#8221; button_bg_color=&#8221;#0C71C3&#8243; button_border_width=&#8221;10px&#8221; button_border_color=&#8221;#0c71c3&#8243; button_border_radius=&#8221;100px&#8221; button_letter_spacing=&#8221;1px&#8221; button_font=&#8221;|on||on|&#8221; button_icon=&#8221;&#x45;||divi||400&#8243; button_on_hover=&#8221;off&#8221; custom_margin=&#8221;|||&#8221; animation_style=&#8221;zoom&#8221; animation_intensity_zoom=&#8221;6%&#8221; box_shadow_style=&#8221;preset1&#8243; box_shadow_vertical=&#8221;10px&#8221; box_shadow_blur=&#8221;50px&#8221; box_shadow_spread=&#8221;5px&#8221; box_shadow_color=&#8221;rgba(181,181,255,0.38)&#8221; button_letter_spacing_hover=&#8221;2px&#8221; locked=&#8221;off&#8221; global_colors_info=&#8221;{}&#8221; button_text_size__hover_enabled=&#8221;off&#8221; button_one_text_size__hover_enabled=&#8221;off&#8221; button_two_text_size__hover_enabled=&#8221;off&#8221; button_text_color__hover_enabled=&#8221;off&#8221; button_one_text_color__hover_enabled=&#8221;off&#8221; button_two_text_color__hover_enabled=&#8221;off&#8221; button_border_width__hover_enabled=&#8221;off&#8221; button_one_border_width__hover_enabled=&#8221;off&#8221; button_two_border_width__hover_enabled=&#8221;off&#8221; button_border_color__hover_enabled=&#8221;off&#8221; button_one_border_color__hover_enabled=&#8221;off&#8221; button_two_border_color__hover_enabled=&#8221;off&#8221; button_border_radius__hover_enabled=&#8221;off&#8221; button_one_border_radius__hover_enabled=&#8221;off&#8221; button_two_border_radius__hover_enabled=&#8221;off&#8221; button_letter_spacing__hover_enabled=&#8221;on&#8221; button_letter_spacing__hover=&#8221;2px&#8221; button_one_letter_spacing__hover_enabled=&#8221;off&#8221; button_two_letter_spacing__hover_enabled=&#8221;off&#8221; button_bg_color__hover_enabled=&#8221;off&#8221; button_one_bg_color__hover_enabled=&#8221;off&#8221; button_two_bg_color__hover_enabled=&#8221;off&#8221;][\/et_pb_button][\/et_pb_column][\/et_pb_row][\/et_pb_section][et_pb_section fb_built=&#8221;1&#8243; admin_label=&#8221;Blog Hero&#8221; _builder_version=&#8221;4.25.1&#8243; use_background_color_gradient=&#8221;on&#8221; background_color_gradient_stops=&#8221;rgba(114,114,255,0.24) 0%|#ffffff 100%&#8221; background_color_gradient_start=&#8221;rgba(114,114,255,0.24)&#8221; background_color_gradient_end=&#8221;#ffffff&#8221; background_blend=&#8221;multiply&#8221; custom_padding=&#8221;30px|0px|30px|0px|false|false&#8221; animation_style=&#8221;slide&#8221; animation_direction=&#8221;top&#8221; animation_intensity_slide=&#8221;2%&#8221; locked=&#8221;off&#8221; global_colors_info=&#8221;{}&#8221;][et_pb_row _builder_version=&#8221;4.25.1&#8243; background_size=&#8221;initial&#8221; background_position=&#8221;top_left&#8221; background_repeat=&#8221;repeat&#8221; custom_margin=&#8221;|||&#8221; custom_padding=&#8221;27px|0px|27px|0px&#8221; custom_width_px=&#8221;1280px&#8221; global_colors_info=&#8221;{}&#8221;][et_pb_column type=&#8221;4_4&#8243; _builder_version=&#8221;4.16&#8243; custom_padding=&#8221;|||&#8221; global_colors_info=&#8221;{}&#8221; custom_padding__hover=&#8221;|||&#8221;][et_pb_text _builder_version=&#8221;4.25.1&#8243; text_text_color=&#8221;#0c71c3&#8243; text_font_size=&#8221;18px&#8221; text_line_height=&#8221;1.9em&#8221; background_size=&#8221;initial&#8221; background_position=&#8221;top_left&#8221; background_repeat=&#8221;repeat&#8221; text_orientation=&#8221;center&#8221; max_width=&#8221;1000%&#8221; module_alignment=&#8221;center&#8221; custom_padding=&#8221;||48px|||&#8221; locked=&#8221;off&#8221; global_colors_info=&#8221;{}&#8221;]<p style=\"text-align: left;\">Broad experience in business meetings, congresses and international institutions conferences, regional ministries meetings, online seminars (webinars), visits to fairs and showrooms with talks in front of the audience, training sessions online or at the client&#8217;s facilities, notarial acts, site visits, escorting, etc.  <\/p>\r\n<p style=\"text-align: left;\">Our accredited training as conference interpreting will ensure you an optimal communication in all types of situations, as well as a good guidance on which modality is best and which equipment is the most suitable for each context.<\/p>\r\n<p style=\"text-align: left;\">Get in touch in order to have a simultaneous translator in A Coruna, Santiago de Compostela or any place in Galicia for your event.<\/p>[\/et_pb_text][\/et_pb_column][\/et_pb_row][\/et_pb_section]","protected":false},"excerpt":{"rendered":"<p><span><span><a href=\"https:\/\/www.brunopita.com\/en\/\">Inicio<\/a><\/span><\/span>Simultaneous translation in A Coru\u00f1a and SantiagoSimultaneous, consecutive, liaison and escort interpreting. Management of multilingual interpreting events with technical staff and equipment.A team of professional interpreters are at your service to ensure the success of your multilingual event in A Coruna, Santiago de Compostela or elsewhere in Galicia. We carry out simultaneous translations in congresses [&hellip;]<\/p>\n","protected":false},"author":1,"featured_media":0,"parent":0,"menu_order":0,"comment_status":"closed","ping_status":"closed","template":"","meta":{"_et_pb_use_builder":"on","_et_pb_old_content":"","_et_gb_content_width":"","footnotes":""},"class_list":["post-2771","page","type-page","status-publish","hentry"],"yoast_head":"<!-- This site is optimized with the Yoast SEO plugin v26.8 - https:\/\/yoast.com\/product\/yoast-seo-wordpress\/ -->\n<title>Simultaneous translation in A Coru\u00f1a and Santiago - Bruno Pita<\/title>\n<meta name=\"description\" content=\"Simultaneous translation in A Coruna, Santiago and Galicia with professional interpreters and technical equipment. Onsite, online and hybrid events.\" \/>\n<meta name=\"robots\" content=\"index, follow, max-snippet:-1, max-image-preview:large, max-video-preview:-1\" \/>\n<link rel=\"canonical\" href=\"https:\/\/www.brunopita.com\/en\/simultaneous-translation-coruna\/\" \/>\n<meta property=\"og:locale\" content=\"en_US\" \/>\n<meta property=\"og:type\" content=\"article\" \/>\n<meta property=\"og:title\" content=\"Simultaneous translation in A Coru\u00f1a and Santiago - Bruno Pita\" \/>\n<meta property=\"og:description\" content=\"Simultaneous translation in A Coruna, Santiago and Galicia with professional interpreters and technical equipment. Onsite, online and hybrid events.\" \/>\n<meta property=\"og:url\" content=\"https:\/\/www.brunopita.com\/en\/simultaneous-translation-coruna\/\" \/>\n<meta property=\"og:site_name\" content=\"Bruno Pita\" \/>\n<meta property=\"article:modified_time\" content=\"2025-01-09T12:34:52+00:00\" \/>\n<meta name=\"twitter:card\" content=\"summary_large_image\" \/>\n<meta name=\"twitter:label1\" content=\"Est. reading time\" \/>\n\t<meta name=\"twitter:data1\" content=\"7 minutes\" \/>\n<script type=\"application\/ld+json\" class=\"yoast-schema-graph\">{\"@context\":\"https:\/\/schema.org\",\"@graph\":[{\"@type\":\"WebPage\",\"@id\":\"https:\/\/www.brunopita.com\/en\/simultaneous-translation-coruna\/\",\"url\":\"https:\/\/www.brunopita.com\/en\/simultaneous-translation-coruna\/\",\"name\":\"Simultaneous translation in A Coru\u00f1a and Santiago - Bruno Pita\",\"isPartOf\":{\"@id\":\"https:\/\/www.brunopita.com\/en\/#website\"},\"datePublished\":\"2024-06-07T12:38:06+00:00\",\"dateModified\":\"2025-01-09T12:34:52+00:00\",\"description\":\"Simultaneous translation in A Coruna, Santiago and Galicia with professional interpreters and technical equipment. Onsite, online and hybrid events.\",\"breadcrumb\":{\"@id\":\"https:\/\/www.brunopita.com\/en\/simultaneous-translation-coruna\/#breadcrumb\"},\"inLanguage\":\"en-US\",\"potentialAction\":[{\"@type\":\"ReadAction\",\"target\":[\"https:\/\/www.brunopita.com\/en\/simultaneous-translation-coruna\/\"]}]},{\"@type\":\"BreadcrumbList\",\"@id\":\"https:\/\/www.brunopita.com\/en\/simultaneous-translation-coruna\/#breadcrumb\",\"itemListElement\":[{\"@type\":\"ListItem\",\"position\":1,\"name\":\"Inicio\",\"item\":\"https:\/\/www.brunopita.com\/en\/\"},{\"@type\":\"ListItem\",\"position\":2,\"name\":\"Simultaneous translation in A Coru\u00f1a and Santiago\"}]},{\"@type\":\"WebSite\",\"@id\":\"https:\/\/www.brunopita.com\/en\/#website\",\"url\":\"https:\/\/www.brunopita.com\/en\/\",\"name\":\"Bruno Pita\",\"description\":\"Traducci\u00f3n simult\u00e1nea en Valencia, Coru\u00f1a, Santiago y online\",\"publisher\":{\"@id\":\"https:\/\/www.brunopita.com\/en\/#organization\"},\"alternateName\":\"Bruno Pita traducci\u00f3n simult\u00e1nea\",\"potentialAction\":[{\"@type\":\"SearchAction\",\"target\":{\"@type\":\"EntryPoint\",\"urlTemplate\":\"https:\/\/www.brunopita.com\/en\/?s={search_term_string}\"},\"query-input\":{\"@type\":\"PropertyValueSpecification\",\"valueRequired\":true,\"valueName\":\"search_term_string\"}}],\"inLanguage\":\"en-US\"},{\"@type\":\"Organization\",\"@id\":\"https:\/\/www.brunopita.com\/en\/#organization\",\"name\":\"Bruno Pita\",\"url\":\"https:\/\/www.brunopita.com\/en\/\",\"logo\":{\"@type\":\"ImageObject\",\"inLanguage\":\"en-US\",\"@id\":\"https:\/\/www.brunopita.com\/en\/#\/schema\/logo\/image\/\",\"url\":\"https:\/\/www.brunopita.com\/wp-content\/uploads\/2024\/06\/Canva-BRUNO-PITA-617-x-213-px-svg-trans.svg\",\"contentUrl\":\"https:\/\/www.brunopita.com\/wp-content\/uploads\/2024\/06\/Canva-BRUNO-PITA-617-x-213-px-svg-trans.svg\",\"width\":1,\"height\":1,\"caption\":\"Bruno Pita\"},\"image\":{\"@id\":\"https:\/\/www.brunopita.com\/en\/#\/schema\/logo\/image\/\"}}]}<\/script>\n<!-- \/ Yoast SEO plugin. -->","yoast_head_json":{"title":"Simultaneous translation in A Coru\u00f1a and Santiago - Bruno Pita","description":"Simultaneous translation in A Coruna, Santiago and Galicia with professional interpreters and technical equipment. Onsite, online and hybrid events.","robots":{"index":"index","follow":"follow","max-snippet":"max-snippet:-1","max-image-preview":"max-image-preview:large","max-video-preview":"max-video-preview:-1"},"canonical":"https:\/\/www.brunopita.com\/en\/simultaneous-translation-coruna\/","og_locale":"en_US","og_type":"article","og_title":"Simultaneous translation in A Coru\u00f1a and Santiago - Bruno Pita","og_description":"Simultaneous translation in A Coruna, Santiago and Galicia with professional interpreters and technical equipment. Onsite, online and hybrid events.","og_url":"https:\/\/www.brunopita.com\/en\/simultaneous-translation-coruna\/","og_site_name":"Bruno Pita","article_modified_time":"2025-01-09T12:34:52+00:00","twitter_card":"summary_large_image","twitter_misc":{"Est. reading time":"7 minutes"},"schema":{"@context":"https:\/\/schema.org","@graph":[{"@type":"WebPage","@id":"https:\/\/www.brunopita.com\/en\/simultaneous-translation-coruna\/","url":"https:\/\/www.brunopita.com\/en\/simultaneous-translation-coruna\/","name":"Simultaneous translation in A Coru\u00f1a and Santiago - Bruno Pita","isPartOf":{"@id":"https:\/\/www.brunopita.com\/en\/#website"},"datePublished":"2024-06-07T12:38:06+00:00","dateModified":"2025-01-09T12:34:52+00:00","description":"Simultaneous translation in A Coruna, Santiago and Galicia with professional interpreters and technical equipment. Onsite, online and hybrid events.","breadcrumb":{"@id":"https:\/\/www.brunopita.com\/en\/simultaneous-translation-coruna\/#breadcrumb"},"inLanguage":"en-US","potentialAction":[{"@type":"ReadAction","target":["https:\/\/www.brunopita.com\/en\/simultaneous-translation-coruna\/"]}]},{"@type":"BreadcrumbList","@id":"https:\/\/www.brunopita.com\/en\/simultaneous-translation-coruna\/#breadcrumb","itemListElement":[{"@type":"ListItem","position":1,"name":"Inicio","item":"https:\/\/www.brunopita.com\/en\/"},{"@type":"ListItem","position":2,"name":"Simultaneous translation in A Coru\u00f1a and Santiago"}]},{"@type":"WebSite","@id":"https:\/\/www.brunopita.com\/en\/#website","url":"https:\/\/www.brunopita.com\/en\/","name":"Bruno Pita","description":"Traducci\u00f3n simult\u00e1nea en Valencia, Coru\u00f1a, Santiago y online","publisher":{"@id":"https:\/\/www.brunopita.com\/en\/#organization"},"alternateName":"Bruno Pita traducci\u00f3n simult\u00e1nea","potentialAction":[{"@type":"SearchAction","target":{"@type":"EntryPoint","urlTemplate":"https:\/\/www.brunopita.com\/en\/?s={search_term_string}"},"query-input":{"@type":"PropertyValueSpecification","valueRequired":true,"valueName":"search_term_string"}}],"inLanguage":"en-US"},{"@type":"Organization","@id":"https:\/\/www.brunopita.com\/en\/#organization","name":"Bruno Pita","url":"https:\/\/www.brunopita.com\/en\/","logo":{"@type":"ImageObject","inLanguage":"en-US","@id":"https:\/\/www.brunopita.com\/en\/#\/schema\/logo\/image\/","url":"https:\/\/www.brunopita.com\/wp-content\/uploads\/2024\/06\/Canva-BRUNO-PITA-617-x-213-px-svg-trans.svg","contentUrl":"https:\/\/www.brunopita.com\/wp-content\/uploads\/2024\/06\/Canva-BRUNO-PITA-617-x-213-px-svg-trans.svg","width":1,"height":1,"caption":"Bruno Pita"},"image":{"@id":"https:\/\/www.brunopita.com\/en\/#\/schema\/logo\/image\/"}}]}},"_links":{"self":[{"href":"https:\/\/www.brunopita.com\/en\/wp-json\/wp\/v2\/pages\/2771","targetHints":{"allow":["GET"]}}],"collection":[{"href":"https:\/\/www.brunopita.com\/en\/wp-json\/wp\/v2\/pages"}],"about":[{"href":"https:\/\/www.brunopita.com\/en\/wp-json\/wp\/v2\/types\/page"}],"author":[{"embeddable":true,"href":"https:\/\/www.brunopita.com\/en\/wp-json\/wp\/v2\/users\/1"}],"replies":[{"embeddable":true,"href":"https:\/\/www.brunopita.com\/en\/wp-json\/wp\/v2\/comments?post=2771"}],"version-history":[{"count":0,"href":"https:\/\/www.brunopita.com\/en\/wp-json\/wp\/v2\/pages\/2771\/revisions"}],"wp:attachment":[{"href":"https:\/\/www.brunopita.com\/en\/wp-json\/wp\/v2\/media?parent=2771"}],"curies":[{"name":"wp","href":"https:\/\/api.w.org\/{rel}","templated":true}]}}